{"id":6491,"date":"2022-06-14T10:22:49","date_gmt":"2022-06-14T10:22:49","guid":{"rendered":"https:\/\/www.restajet.com\/ortak-olun"},"modified":"2023-06-01T12:50:54","modified_gmt":"2023-06-01T12:50:54","slug":"ortak-olun","status":"publish","type":"page","link":"https:\/\/www.restajet.com\/tr\/ortak-olun","title":{"rendered":"Ortak Olun"},"content":{"rendered":"<p>[et_pb_section fb_built=&#8221;1&#8243; admin_label=&#8221;Header&#8221; _builder_version=&#8221;4.17.4&#8243; _module_preset=&#8221;default&#8221; background_color=&#8221;#f8faff&#8221; background_enable_image=&#8221;off&#8221; background_size=&#8221;initial&#8221; custom_margin_tablet=&#8221;&#8221; custom_margin_phone=&#8221;-100px||||false|false&#8221; custom_margin_last_edited=&#8221;on|phone&#8221; background_last_edited=&#8221;off|tablet&#8221; background_position_tablet=&#8221;center_left&#8221; locked=&#8221;off&#8221; global_colors_info=&#8221;{}&#8221;][et_pb_row _builder_version=&#8221;4.17.4&#8243; _module_preset=&#8221;default&#8221; custom_padding=&#8221;||0px|||&#8221; hover_enabled=&#8221;0&#8243; global_colors_info=&#8221;{}&#8221; custom_margin_last_edited=&#8221;on|phone&#8221; sticky_enabled=&#8221;0&#8243; custom_margin_phone=&#8221;30px||||false|false&#8221;][et_pb_column type=&#8221;4_4&#8243; _builder_version=&#8221;4.16&#8243; _module_preset=&#8221;default&#8221; global_colors_info=&#8221;{}&#8221;][et_pb_text _builder_version=&#8221;4.17.4&#8243; _module_preset=&#8221;default&#8221; text_font=&#8221;Robotos Regular e||||||||&#8221; text_font_size=&#8221;16px&#8221; text_line_height=&#8221;1.8em&#8221; header_font=&#8221;Roboto Medium|700|||||||&#8221; header_text_color=&#8221;#4389f3&#8243; header_font_size=&#8221;80px&#8221; header_line_height=&#8221;1.2em&#8221; header_2_font_size=&#8221;80px&#8221; header_3_font_size=&#8221;80px&#8221; header_4_font_size=&#8221;80px&#8221; header_5_font_size=&#8221;80px&#8221; header_6_font_size=&#8221;80px&#8221; max_width=&#8221;800px&#8221; module_alignment=&#8221;center&#8221; hover_enabled=&#8221;0&#8243; text_font_size_phone=&#8221;16px&#8221; text_font_size_last_edited=&#8221;off|desktop&#8221; header_font_size_tablet=&#8221;50px&#8221; header_font_size_phone=&#8221;50px&#8221; header_font_size_last_edited=&#8221;on|phone&#8221; header_2_font_size_tablet=&#8221;50px&#8221; header_2_font_size_phone=&#8221;36px&#8221; header_2_font_size_last_edited=&#8221;on|phone&#8221; header_3_font_size_tablet=&#8221;50px&#8221; header_3_font_size_phone=&#8221;36px&#8221; header_3_font_size_last_edited=&#8221;on|phone&#8221; header_4_font_size_tablet=&#8221;50px&#8221; header_4_font_size_phone=&#8221;36px&#8221; header_4_font_size_last_edited=&#8221;on|phone&#8221; header_5_font_size_tablet=&#8221;50px&#8221; header_5_font_size_phone=&#8221;36px&#8221; header_5_font_size_last_edited=&#8221;on|phone&#8221; header_6_font_size_tablet=&#8221;50px&#8221; header_6_font_size_phone=&#8221;36px&#8221; header_6_font_size_last_edited=&#8221;on|phone&#8221; locked=&#8221;off&#8221; global_colors_info=&#8221;{}&#8221; sticky_enabled=&#8221;0&#8243;]<\/p>\n<h1>Orta\u011f\u0131m\u0131z Olun<\/h1>\n<p>RestaJet toplulu\u011fu 4 k\u0131tada b\u00fcy\u00fcyor. Sisteminizi RestaJet ile kolayca entegre etmek isterseniz veya nerede olursan\u0131z olun kendi i\u015finizi kurmak, RestaJet&#8217;i yeniden satarak ekstra gelir elde etmek, kendi dan\u0131\u015fmanl\u0131k yaz\u0131l\u0131m ve uygulama hizmetlerinizi sa\u011flamak i\u00e7in RestaJet ortak program\u0131na kat\u0131l\u0131n. Entegrasyonlar ve bayi ortakl\u0131klar\u0131 i\u00e7in bug\u00fcn bize ula\u015f\u0131n.<\/p>\n<p>[\/et_pb_text][\/et_pb_column][\/et_pb_row][\/et_pb_section][et_pb_section fb_built=&#8221;1&#8243; _builder_version=&#8221;4.17.4&#8243; _module_preset=&#8221;default&#8221; background_color=&#8221;#f8faff&#8221; custom_margin_tablet=&#8221;&#8221; custom_margin_phone=&#8221;-40px||||false|false&#8221; custom_margin_last_edited=&#8221;on|phone&#8221; global_colors_info=&#8221;{}&#8221;][et_pb_row column_structure=&#8221;1_2,1_2&#8243; _builder_version=&#8221;4.17.4&#8243; _module_preset=&#8221;default&#8221; custom_margin_tablet=&#8221;&#8221; custom_margin_phone=&#8221;-30px||||false|false&#8221; custom_margin_last_edited=&#8221;on|phone&#8221; global_colors_info=&#8221;{}&#8221;][et_pb_column type=&#8221;1_2&#8243; _builder_version=&#8221;4.17.4&#8243; _module_preset=&#8221;default&#8221; background_color=&#8221;#ffffff&#8221; custom_padding=&#8221;10px|15px|10px|15px|true|true&#8221; border_radii=&#8221;on|13px|13px|13px|13px&#8221; border_color_all=&#8221;#428bca&#8221; box_shadow_style=&#8221;preset1&#8243; box_shadow_vertical=&#8221;1px&#8221; box_shadow_blur=&#8221;1px&#8221; box_shadow_color=&#8221;rgba(0,0,0,0.09)&#8221; global_colors_info=&#8221;{}&#8221;][et_pb_text _builder_version=&#8221;4.17.4&#8243; _module_preset=&#8221;default&#8221; hover_enabled=&#8221;0&#8243; global_colors_info=&#8221;{}&#8221; header_5_font=&#8221;Robotos Regular e||||||||&#8221; text_font=&#8221;Robotos Regular e||||||||&#8221; text_font_size=&#8221;20px&#8221; sticky_enabled=&#8221;0&#8243; inline_fonts=&#8221;Roboto Medium&#8221; custom_padding=&#8221;20px|20px||20px|false|false&#8221;]<\/p>\n<h4><span style=\"font-family: 'Roboto Medium'; font-weight: normal; font-size: x-large;\"><strong>Nas\u0131l Partner Olunur?<\/strong><\/span><\/h4>\n<p><strong> <\/strong><\/p>\n<p><strong><\/strong><\/p>\n<ul>\n<li style=\"text-align: left;\">Bilgilerinizi doldurun ve sorular\u0131n\u0131z\u0131 b\u0131rak\u0131n. <\/li>\n<\/ul>\n<ul>\n<li style=\"text-align: left;\">  Sizinle 48 saat i\u00e7inde ileti\u015fime ge\u00e7ece\u011fiz.<br \/><br class=\" empty-paragraph\"><\/li>\n<li style=\"text-align: left;\"> Daha sonra ko\u015fullar\u0131 ayr\u0131nt\u0131l\u0131 olarak tart\u0131\u015faca\u011f\u0131z.<\/li>\n<\/ul>\n<p>&nbsp;<\/p>\n<ul>\n<li style=\"text-align: left;\"> Son olarak, s\u00f6zle\u015fmeyi imzalay\u0131n ve ortak olun.<\/li>\n<\/ul>\n<p>[\/et_pb_text][\/et_pb_column][et_pb_column type=&#8221;1_2&#8243; _builder_version=&#8221;4.17.4&#8243; _module_preset=&#8221;default&#8221; background_color=&#8221;#ffffff&#8221; custom_padding=&#8221;10px|15px|10px|15px|true|true&#8221; border_radii=&#8221;on|13px|13px|13px|13px&#8221; border_color_all=&#8221;#428bca&#8221; box_shadow_style=&#8221;preset1&#8243; box_shadow_vertical=&#8221;1px&#8221; box_shadow_blur=&#8221;1px&#8221; box_shadow_color=&#8221;rgba(0,0,0,0.09)&#8221; global_colors_info=&#8221;{}&#8221;][et_pb_code _builder_version=&#8221;4.17.4&#8243; _module_preset=&#8221;default&#8221; global_colors_info=&#8221;{}&#8221;]<script charset=\"utf-8\" type=\"text\/javascript\" src=\"\/\/js.hsforms.net\/forms\/v2.js\"><\/script><!-- [et_pb_line_break_holder] --><script><!-- [et_pb_line_break_holder] -->  hbspt.forms.create({<!-- [et_pb_line_break_holder] -->    region: \"na1\",<!-- [et_pb_line_break_holder] -->    portalId: \"4281734\",<!-- [et_pb_line_break_holder] -->    formId: \"a55eefb4-bd37-4f53-9898-0c5aca871693\"<!-- [et_pb_line_break_holder] -->  });<!-- [et_pb_line_break_holder] --><\/script>[\/et_pb_code][\/et_pb_column][\/et_pb_row][\/et_pb_section]<\/p>\n","protected":false},"excerpt":{"rendered":"<p>Orta\u011f\u0131m\u0131z Olun RestaJet toplulu\u011fu 4 k\u0131tada b\u00fcy\u00fcyor. Sisteminizi RestaJet ile kolayca entegre etmek isterseniz veya nerede olursan\u0131z olun kendi i\u015finizi kurmak, RestaJet&#8217;i yeniden satarak ekstra gelir elde etmek, kendi dan\u0131\u015fmanl\u0131k yaz\u0131l\u0131m ve uygulama hizmetlerinizi sa\u011flamak i\u00e7in RestaJet ortak program\u0131na kat\u0131l\u0131n. Entegrasyonlar ve bayi ortakl\u0131klar\u0131 i\u00e7in bug\u00fcn bize ula\u015f\u0131n.Nas\u0131l Partner Olunur? Bilgilerinizi doldurun ve sorular\u0131n\u0131z\u0131 b\u0131rak\u0131n. [&hellip;]<\/p>\n","protected":false},"author":1,"featured_media":0,"parent":0,"menu_order":0,"comment_status":"closed","ping_status":"closed","template":"","meta":{"_et_pb_use_builder":"on","_et_pb_old_content":"","_et_gb_content_width":"","inline_featured_image":false,"footnotes":""},"class_list":["post-6491","page","type-page","status-publish","hentry"],"yoast_head":"<!-- This site is optimized with the Yoast SEO plugin v26.6 - https:\/\/yoast.com\/wordpress\/plugins\/seo\/ -->\n<title>Ortak Olun - RestaJet<\/title>\n<meta name=\"robots\" content=\"index, follow, max-snippet:-1, max-image-preview:large, max-video-preview:-1\" \/>\n<link rel=\"canonical\" href=\"https:\/\/www.restajet.com\/becomepartner\" \/>\n<meta property=\"og:locale\" content=\"tr_TR\" \/>\n<meta property=\"og:type\" content=\"article\" \/>\n<meta property=\"og:title\" content=\"Ortak Olun - RestaJet\" \/>\n<meta property=\"og:description\" content=\"Orta\u011f\u0131m\u0131z Olun RestaJet toplulu\u011fu 4 k\u0131tada b\u00fcy\u00fcyor. Sisteminizi RestaJet ile kolayca entegre etmek isterseniz veya nerede olursan\u0131z olun kendi i\u015finizi kurmak, RestaJet&#039;i yeniden satarak ekstra gelir elde etmek, kendi dan\u0131\u015fmanl\u0131k yaz\u0131l\u0131m ve uygulama hizmetlerinizi sa\u011flamak i\u00e7in RestaJet ortak program\u0131na kat\u0131l\u0131n. Entegrasyonlar ve bayi ortakl\u0131klar\u0131 i\u00e7in bug\u00fcn bize ula\u015f\u0131n.Nas\u0131l Partner Olunur? Bilgilerinizi doldurun ve sorular\u0131n\u0131z\u0131 b\u0131rak\u0131n. [&hellip;]\" \/>\n<meta property=\"og:url\" content=\"https:\/\/www.restajet.com\/becomepartner\" \/>\n<meta property=\"og:site_name\" content=\"RestaJet\" \/>\n<meta property=\"article:publisher\" content=\"https:\/\/www.facebook.com\/restajet\" \/>\n<meta property=\"article:modified_time\" content=\"2023-06-01T12:50:54+00:00\" \/>\n<meta name=\"twitter:card\" content=\"summary_large_image\" \/>\n<meta name=\"twitter:site\" content=\"@restajet\" \/>\n<meta name=\"twitter:label1\" content=\"Est. reading time\" \/>\n\t<meta name=\"twitter:data1\" content=\"3 dakika\" \/>\n<script type=\"application\/ld+json\" class=\"yoast-schema-graph\">{\"@context\":\"https:\/\/schema.org\",\"@graph\":[{\"@type\":\"WebPage\",\"@id\":\"https:\/\/www.restajet.com\/becomepartner\",\"url\":\"https:\/\/www.restajet.com\/becomepartner\",\"name\":\"Ortak Olun - RestaJet\",\"isPartOf\":{\"@id\":\"https:\/\/www.restajet.com\/#website\"},\"datePublished\":\"2022-06-14T10:22:49+00:00\",\"dateModified\":\"2023-06-01T12:50:54+00:00\",\"breadcrumb\":{\"@id\":\"https:\/\/www.restajet.com\/becomepartner#breadcrumb\"},\"inLanguage\":\"tr\",\"potentialAction\":[{\"@type\":\"ReadAction\",\"target\":[\"https:\/\/www.restajet.com\/becomepartner\"]}]},{\"@type\":\"BreadcrumbList\",\"@id\":\"https:\/\/www.restajet.com\/becomepartner#breadcrumb\",\"itemListElement\":[{\"@type\":\"ListItem\",\"position\":1,\"name\":\"Home\",\"item\":\"https:\/\/www.restajet.com\/tr\"},{\"@type\":\"ListItem\",\"position\":2,\"name\":\"Ortak Olun\"}]},{\"@type\":\"WebSite\",\"@id\":\"https:\/\/www.restajet.com\/#website\",\"url\":\"https:\/\/www.restajet.com\/\",\"name\":\"RestaJet\",\"description\":\"Online Food Ordering System\",\"publisher\":{\"@id\":\"https:\/\/www.restajet.com\/#organization\"},\"potentialAction\":[{\"@type\":\"SearchAction\",\"target\":{\"@type\":\"EntryPoint\",\"urlTemplate\":\"https:\/\/www.restajet.com\/?s={search_term_string}\"},\"query-input\":{\"@type\":\"PropertyValueSpecification\",\"valueRequired\":true,\"valueName\":\"search_term_string\"}}],\"inLanguage\":\"tr\"},{\"@type\":\"Organization\",\"@id\":\"https:\/\/www.restajet.com\/#organization\",\"name\":\"RestaJet\",\"url\":\"https:\/\/www.restajet.com\/\",\"logo\":{\"@type\":\"ImageObject\",\"inLanguage\":\"tr\",\"@id\":\"https:\/\/www.restajet.com\/#\/schema\/logo\/image\/\",\"url\":\"https:\/\/www.restajet.com\/wp-content\/uploads\/2022\/08\/MicrosoftTeams-image-303.png\",\"contentUrl\":\"https:\/\/www.restajet.com\/wp-content\/uploads\/2022\/08\/MicrosoftTeams-image-303.png\",\"width\":188,\"height\":39,\"caption\":\"RestaJet\"},\"image\":{\"@id\":\"https:\/\/www.restajet.com\/#\/schema\/logo\/image\/\"},\"sameAs\":[\"https:\/\/www.facebook.com\/restajet\",\"https:\/\/x.com\/restajet\",\"https:\/\/www.instagram.com\/restajet\",\"https:\/\/www.youtube.com\/channel\/UCgKqOmnLeMaNkBZAurQSt1Q\"]}]}<\/script>\n<!-- \/ Yoast SEO plugin. -->","yoast_head_json":{"title":"Ortak Olun - RestaJet","robots":{"index":"index","follow":"follow","max-snippet":"max-snippet:-1","max-image-preview":"max-image-preview:large","max-video-preview":"max-video-preview:-1"},"canonical":"https:\/\/www.restajet.com\/becomepartner","og_locale":"tr_TR","og_type":"article","og_title":"Ortak Olun - RestaJet","og_description":"Orta\u011f\u0131m\u0131z Olun RestaJet toplulu\u011fu 4 k\u0131tada b\u00fcy\u00fcyor. Sisteminizi RestaJet ile kolayca entegre etmek isterseniz veya nerede olursan\u0131z olun kendi i\u015finizi kurmak, RestaJet'i yeniden satarak ekstra gelir elde etmek, kendi dan\u0131\u015fmanl\u0131k yaz\u0131l\u0131m ve uygulama hizmetlerinizi sa\u011flamak i\u00e7in RestaJet ortak program\u0131na kat\u0131l\u0131n. Entegrasyonlar ve bayi ortakl\u0131klar\u0131 i\u00e7in bug\u00fcn bize ula\u015f\u0131n.Nas\u0131l Partner Olunur? Bilgilerinizi doldurun ve sorular\u0131n\u0131z\u0131 b\u0131rak\u0131n. [&hellip;]","og_url":"https:\/\/www.restajet.com\/becomepartner","og_site_name":"RestaJet","article_publisher":"https:\/\/www.facebook.com\/restajet","article_modified_time":"2023-06-01T12:50:54+00:00","twitter_card":"summary_large_image","twitter_site":"@restajet","twitter_misc":{"Est. reading time":"3 dakika"},"schema":{"@context":"https:\/\/schema.org","@graph":[{"@type":"WebPage","@id":"https:\/\/www.restajet.com\/becomepartner","url":"https:\/\/www.restajet.com\/becomepartner","name":"Ortak Olun - RestaJet","isPartOf":{"@id":"https:\/\/www.restajet.com\/#website"},"datePublished":"2022-06-14T10:22:49+00:00","dateModified":"2023-06-01T12:50:54+00:00","breadcrumb":{"@id":"https:\/\/www.restajet.com\/becomepartner#breadcrumb"},"inLanguage":"tr","potentialAction":[{"@type":"ReadAction","target":["https:\/\/www.restajet.com\/becomepartner"]}]},{"@type":"BreadcrumbList","@id":"https:\/\/www.restajet.com\/becomepartner#breadcrumb","itemListElement":[{"@type":"ListItem","position":1,"name":"Home","item":"https:\/\/www.restajet.com\/tr"},{"@type":"ListItem","position":2,"name":"Ortak Olun"}]},{"@type":"WebSite","@id":"https:\/\/www.restajet.com\/#website","url":"https:\/\/www.restajet.com\/","name":"RestaJet","description":"Online Food Ordering System","publisher":{"@id":"https:\/\/www.restajet.com\/#organization"},"potentialAction":[{"@type":"SearchAction","target":{"@type":"EntryPoint","urlTemplate":"https:\/\/www.restajet.com\/?s={search_term_string}"},"query-input":{"@type":"PropertyValueSpecification","valueRequired":true,"valueName":"search_term_string"}}],"inLanguage":"tr"},{"@type":"Organization","@id":"https:\/\/www.restajet.com\/#organization","name":"RestaJet","url":"https:\/\/www.restajet.com\/","logo":{"@type":"ImageObject","inLanguage":"tr","@id":"https:\/\/www.restajet.com\/#\/schema\/logo\/image\/","url":"https:\/\/www.restajet.com\/wp-content\/uploads\/2022\/08\/MicrosoftTeams-image-303.png","contentUrl":"https:\/\/www.restajet.com\/wp-content\/uploads\/2022\/08\/MicrosoftTeams-image-303.png","width":188,"height":39,"caption":"RestaJet"},"image":{"@id":"https:\/\/www.restajet.com\/#\/schema\/logo\/image\/"},"sameAs":["https:\/\/www.facebook.com\/restajet","https:\/\/x.com\/restajet","https:\/\/www.instagram.com\/restajet","https:\/\/www.youtube.com\/channel\/UCgKqOmnLeMaNkBZAurQSt1Q"]}]}},"_links":{"self":[{"href":"https:\/\/www.restajet.com\/tr\/wp-json\/wp\/v2\/pages\/6491","targetHints":{"allow":["GET"]}}],"collection":[{"href":"https:\/\/www.restajet.com\/tr\/wp-json\/wp\/v2\/pages"}],"about":[{"href":"https:\/\/www.restajet.com\/tr\/wp-json\/wp\/v2\/types\/page"}],"author":[{"embeddable":true,"href":"https:\/\/www.restajet.com\/tr\/wp-json\/wp\/v2\/users\/1"}],"replies":[{"embeddable":true,"href":"https:\/\/www.restajet.com\/tr\/wp-json\/wp\/v2\/comments?post=6491"}],"version-history":[{"count":0,"href":"https:\/\/www.restajet.com\/tr\/wp-json\/wp\/v2\/pages\/6491\/revisions"}],"wp:attachment":[{"href":"https:\/\/www.restajet.com\/tr\/wp-json\/wp\/v2\/media?parent=6491"}],"curies":[{"name":"wp","href":"https:\/\/api.w.org\/{rel}","templated":true}]}}